{"id":11,"date":"2024-07-03T09:24:11","date_gmt":"2024-07-03T09:24:11","guid":{"rendered":"https:\/\/sibelkucukaslan.com\/?page_id=11"},"modified":"2024-07-03T13:13:19","modified_gmt":"2024-07-03T13:13:19","slug":"psikolojik-danismanlik","status":"publish","type":"page","link":"https:\/\/sibelkucukaslan.com\/index.php\/psikolojik-danismanlik\/","title":{"rendered":"Psikolojik dan\u0131\u015fmanl\u0131k"},"content":{"rendered":"\n<p>&nbsp;Hayat\u0131n t\u00fcm yoruculu\u011funda bireyin kendi ruhsal bak\u0131m\u0131n\u0131 yapmas\u0131n\u0131 sa\u011flay\u0131p, sahip olduklar\u0131 kaynaklar\u0131 en verimli \u015fekilde kullanmalar\u0131n\u0131 sa\u011flamaktad\u0131r.&nbsp;<\/p>\n\n\n\n<p>Ki\u015filerin ya\u015famlar\u0131ndaki sorunlara sorunlar daha k\u00fc\u00e7\u00fckken ve problemler psikolojik hastal\u0131\u011fa d\u00f6n\u00fc\u015fmeden \u00e7\u00f6z\u00fcm \u00fcretmeyi \u00f6\u011fretmektedir.&nbsp;<\/p>\n\n\n\n<p>Ki\u015finin problemi tespit edildikten sonra problemi ortadan kald\u0131rmaya y\u00f6nelik uyumlu teknik, uygun zaman, tekni\u011fin ki\u015finin ya\u015fam\u0131na adaptasyonu ve sistemik uyumun sa\u011flanmas\u0131 gerekir bu da ancak uzman ki\u015filer taraf\u0131ndan verilebilecek profesyonel bir s\u00fcre\u00e7tir, ayn\u0131 s\u00fcre\u00e7 aile dan\u0131\u015fmanl\u0131\u011f\u0131 i\u00e7in de ge\u00e7erlidir.&nbsp;<\/p>\n\n\n\n<p>\u0130nsanlar bazen problemlerle u\u011fra\u015f\u0131rken neyin do\u011fru neyin yanl\u0131\u015f oldu\u011funu kar\u0131\u015ft\u0131rabilir, probleme odaklan\u0131rken \u00e7\u00f6z\u00fcm\u00fc g\u00f6remeyebilir, \u00e7\u00f6z\u00fcmler bazen g\u00f6z\u00fcn\u00fcz\u00fcn \u00f6n\u00fcndedir ama fark edemeyebilirsiniz ve bu s\u00fcre\u00e7 \u00e7ok y\u0131prat\u0131c\u0131 olabilir.&nbsp;<\/p>\n\n\n\n<p>\u0130\u015fte psikolojik dan\u0131\u015fmanl\u0131k tam bu noktada devreye girmektedir, dan\u0131\u015fmanl\u0131k y\u00f6ntemleri ki\u015filere ger\u00e7ekten b\u00fcy\u00fck \u00e7\u00f6z\u00fcmler sunabilmektedir.&nbsp;<\/p>\n\n\n\n<p>Dan\u0131\u015fmanl\u0131k s\u00fcrecinde 4 temel nokta \u00e7ok \u00f6nemlidir, bu noktalar kaliteli dan\u0131\u015fmanl\u0131\u011f\u0131n ve ak\u0131lc\u0131 \u00e7\u00f6z\u00fcmlerin temelidir.&nbsp;<\/p>\n\n\n\n<ol class=\"wp-block-list\" start=\"1\">\n<li>  Uzmanl\u0131k sertifikas\u0131\u00a0<\/li>\n<\/ol>\n\n\n\n<ol class=\"wp-block-list\" start=\"2\">\n<li>  Bilimsel yakla\u015f\u0131m\u00a0\u00a0<\/li>\n<\/ol>\n\n\n\n<ol class=\"wp-block-list\" start=\"3\">\n<li>&nbsp;Analiz&nbsp;&nbsp;<\/li>\n<\/ol>\n\n\n\n<ol class=\"wp-block-list\" start=\"4\">\n<li>&nbsp;K\u00fclt\u00fcrel uyumluluk&nbsp;<\/li>\n<\/ol>\n","protected":false},"excerpt":{"rendered":"<p>&nbsp;Hayat\u0131n t\u00fcm yoruculu\u011funda bireyin kendi ruhsal bak\u0131m\u0131n\u0131 yapmas\u0131n\u0131 sa\u011flay\u0131p, sahip olduklar\u0131 kaynaklar\u0131 en verimli \u015fekilde kullanmalar\u0131n\u0131 sa\u011flamaktad\u0131r.&nbsp; Ki\u015filerin ya\u015famlar\u0131ndaki sorunlara sorunlar daha k\u00fc\u00e7\u00fckken ve problemler psikolojik hastal\u0131\u011fa d\u00f6n\u00fc\u015fmeden \u00e7\u00f6z\u00fcm \u00fcretmeyi \u00f6\u011fretmektedir.&nbsp; Ki\u015finin problemi tespit edildikten sonra problemi ortadan kald\u0131rmaya y\u00f6nelik uyumlu teknik, uygun zaman, tekni\u011fin ki\u015finin ya\u015fam\u0131na adaptasyonu ve sistemik uyumun sa\u011flanmas\u0131 gerekir bu da &hellip; <\/p>\n<p class=\"link-more\"><a href=\"https:\/\/sibelkucukaslan.com\/index.php\/psikolojik-danismanlik\/\" class=\"more-link\">Lees verder <span class=\"screen-reader-text\">&#8220;Psikolojik dan\u0131\u015fmanl\u0131k&#8221;<\/span><\/a><\/p>\n","protected":false},"author":1,"featured_media":0,"parent":0,"menu_order":0,"comment_status":"closed","ping_status":"closed","template":"","meta":{"footnotes":""},"class_list":["post-11","page","type-page","status-publish","hentry"],"yoast_head":"<!-- This site is optimized with the Yoast SEO plugin v23.0 - https:\/\/yoast.com\/wordpress\/plugins\/seo\/ -->\n<title>Psikolojik dan\u0131\u015fmanl\u0131k - S\u0130bel K\u00fc\u00e7\u00fckaslan<\/title>\n<meta name=\"robots\" content=\"index, follow, max-snippet:-1, max-image-preview:large, max-video-preview:-1\" \/>\n<link rel=\"canonical\" href=\"https:\/\/sibelkucukaslan.com\/index.php\/psikolojik-danismanlik\/\" \/>\n<meta property=\"og:locale\" content=\"nl_NL\" \/>\n<meta property=\"og:type\" content=\"article\" \/>\n<meta property=\"og:title\" content=\"Psikolojik dan\u0131\u015fmanl\u0131k - S\u0130bel K\u00fc\u00e7\u00fckaslan\" \/>\n<meta property=\"og:description\" content=\"&nbsp;Hayat\u0131n t\u00fcm yoruculu\u011funda bireyin kendi ruhsal bak\u0131m\u0131n\u0131 yapmas\u0131n\u0131 sa\u011flay\u0131p, sahip olduklar\u0131 kaynaklar\u0131 en verimli \u015fekilde kullanmalar\u0131n\u0131 sa\u011flamaktad\u0131r.&nbsp; Ki\u015filerin ya\u015famlar\u0131ndaki sorunlara sorunlar daha k\u00fc\u00e7\u00fckken ve problemler psikolojik hastal\u0131\u011fa d\u00f6n\u00fc\u015fmeden \u00e7\u00f6z\u00fcm \u00fcretmeyi \u00f6\u011fretmektedir.&nbsp; Ki\u015finin problemi tespit edildikten sonra problemi ortadan kald\u0131rmaya y\u00f6nelik uyumlu teknik, uygun zaman, tekni\u011fin ki\u015finin ya\u015fam\u0131na adaptasyonu ve sistemik uyumun sa\u011flanmas\u0131 gerekir bu da &hellip; Lees verder &quot;Psikolojik dan\u0131\u015fmanl\u0131k&quot;\" \/>\n<meta property=\"og:url\" content=\"https:\/\/sibelkucukaslan.com\/index.php\/psikolojik-danismanlik\/\" \/>\n<meta property=\"og:site_name\" content=\"S\u0130bel K\u00fc\u00e7\u00fckaslan\" \/>\n<meta property=\"article:modified_time\" content=\"2024-07-03T13:13:19+00:00\" \/>\n<meta name=\"twitter:card\" content=\"summary_large_image\" \/>\n<meta name=\"twitter:label1\" content=\"Geschatte leestijd\" \/>\n\t<meta name=\"twitter:data1\" content=\"1 minuut\" \/>\n<script type=\"application\/ld+json\" class=\"yoast-schema-graph\">{\"@context\":\"https:\/\/schema.org\",\"@graph\":[{\"@type\":\"WebPage\",\"@id\":\"https:\/\/sibelkucukaslan.com\/index.php\/psikolojik-danismanlik\/\",\"url\":\"https:\/\/sibelkucukaslan.com\/index.php\/psikolojik-danismanlik\/\",\"name\":\"Psikolojik dan\u0131\u015fmanl\u0131k - S\u0130bel K\u00fc\u00e7\u00fckaslan\",\"isPartOf\":{\"@id\":\"https:\/\/sibelkucukaslan.com\/#website\"},\"datePublished\":\"2024-07-03T09:24:11+00:00\",\"dateModified\":\"2024-07-03T13:13:19+00:00\",\"breadcrumb\":{\"@id\":\"https:\/\/sibelkucukaslan.com\/index.php\/psikolojik-danismanlik\/#breadcrumb\"},\"inLanguage\":\"nl-NL\",\"potentialAction\":[{\"@type\":\"ReadAction\",\"target\":[\"https:\/\/sibelkucukaslan.com\/index.php\/psikolojik-danismanlik\/\"]}]},{\"@type\":\"BreadcrumbList\",\"@id\":\"https:\/\/sibelkucukaslan.com\/index.php\/psikolojik-danismanlik\/#breadcrumb\",\"itemListElement\":[{\"@type\":\"ListItem\",\"position\":1,\"name\":\"Home\",\"item\":\"https:\/\/sibelkucukaslan.com\/\"},{\"@type\":\"ListItem\",\"position\":2,\"name\":\"Psikolojik dan\u0131\u015fmanl\u0131k\"}]},{\"@type\":\"WebSite\",\"@id\":\"https:\/\/sibelkucukaslan.com\/#website\",\"url\":\"https:\/\/sibelkucukaslan.com\/\",\"name\":\"S\u0130bel K\u00fc\u00e7\u00fckaslan\",\"description\":\"G\u00fczel g\u00fcnler sana gelmez, sen onlara y\u00fcr\u00fcyeceksin!\",\"publisher\":{\"@id\":\"https:\/\/sibelkucukaslan.com\/#organization\"},\"potentialAction\":[{\"@type\":\"SearchAction\",\"target\":{\"@type\":\"EntryPoint\",\"urlTemplate\":\"https:\/\/sibelkucukaslan.com\/?s={search_term_string}\"},\"query-input\":\"required name=search_term_string\"}],\"inLanguage\":\"nl-NL\"},{\"@type\":\"Organization\",\"@id\":\"https:\/\/sibelkucukaslan.com\/#organization\",\"name\":\"S\u0130bel K\u00fc\u00e7\u00fckaslan\",\"url\":\"https:\/\/sibelkucukaslan.com\/\",\"logo\":{\"@type\":\"ImageObject\",\"inLanguage\":\"nl-NL\",\"@id\":\"https:\/\/sibelkucukaslan.com\/#\/schema\/logo\/image\/\",\"url\":\"https:\/\/sibelkucukaslan.com\/wp-content\/uploads\/2024\/07\/cropped-Scherm\u00adafbeelding-2024-07-03-om-13.12.26-1.png\",\"contentUrl\":\"https:\/\/sibelkucukaslan.com\/wp-content\/uploads\/2024\/07\/cropped-Scherm\u00adafbeelding-2024-07-03-om-13.12.26-1.png\",\"width\":253,\"height\":250,\"caption\":\"S\u0130bel K\u00fc\u00e7\u00fckaslan\"},\"image\":{\"@id\":\"https:\/\/sibelkucukaslan.com\/#\/schema\/logo\/image\/\"}}]}<\/script>\n<!-- \/ Yoast SEO plugin. -->","yoast_head_json":{"title":"Psikolojik dan\u0131\u015fmanl\u0131k - S\u0130bel K\u00fc\u00e7\u00fckaslan","robots":{"index":"index","follow":"follow","max-snippet":"max-snippet:-1","max-image-preview":"max-image-preview:large","max-video-preview":"max-video-preview:-1"},"canonical":"https:\/\/sibelkucukaslan.com\/index.php\/psikolojik-danismanlik\/","og_locale":"nl_NL","og_type":"article","og_title":"Psikolojik dan\u0131\u015fmanl\u0131k - S\u0130bel K\u00fc\u00e7\u00fckaslan","og_description":"&nbsp;Hayat\u0131n t\u00fcm yoruculu\u011funda bireyin kendi ruhsal bak\u0131m\u0131n\u0131 yapmas\u0131n\u0131 sa\u011flay\u0131p, sahip olduklar\u0131 kaynaklar\u0131 en verimli \u015fekilde kullanmalar\u0131n\u0131 sa\u011flamaktad\u0131r.&nbsp; Ki\u015filerin ya\u015famlar\u0131ndaki sorunlara sorunlar daha k\u00fc\u00e7\u00fckken ve problemler psikolojik hastal\u0131\u011fa d\u00f6n\u00fc\u015fmeden \u00e7\u00f6z\u00fcm \u00fcretmeyi \u00f6\u011fretmektedir.&nbsp; Ki\u015finin problemi tespit edildikten sonra problemi ortadan kald\u0131rmaya y\u00f6nelik uyumlu teknik, uygun zaman, tekni\u011fin ki\u015finin ya\u015fam\u0131na adaptasyonu ve sistemik uyumun sa\u011flanmas\u0131 gerekir bu da &hellip; Lees verder \"Psikolojik dan\u0131\u015fmanl\u0131k\"","og_url":"https:\/\/sibelkucukaslan.com\/index.php\/psikolojik-danismanlik\/","og_site_name":"S\u0130bel K\u00fc\u00e7\u00fckaslan","article_modified_time":"2024-07-03T13:13:19+00:00","twitter_card":"summary_large_image","twitter_misc":{"Geschatte leestijd":"1 minuut"},"schema":{"@context":"https:\/\/schema.org","@graph":[{"@type":"WebPage","@id":"https:\/\/sibelkucukaslan.com\/index.php\/psikolojik-danismanlik\/","url":"https:\/\/sibelkucukaslan.com\/index.php\/psikolojik-danismanlik\/","name":"Psikolojik dan\u0131\u015fmanl\u0131k - S\u0130bel K\u00fc\u00e7\u00fckaslan","isPartOf":{"@id":"https:\/\/sibelkucukaslan.com\/#website"},"datePublished":"2024-07-03T09:24:11+00:00","dateModified":"2024-07-03T13:13:19+00:00","breadcrumb":{"@id":"https:\/\/sibelkucukaslan.com\/index.php\/psikolojik-danismanlik\/#breadcrumb"},"inLanguage":"nl-NL","potentialAction":[{"@type":"ReadAction","target":["https:\/\/sibelkucukaslan.com\/index.php\/psikolojik-danismanlik\/"]}]},{"@type":"BreadcrumbList","@id":"https:\/\/sibelkucukaslan.com\/index.php\/psikolojik-danismanlik\/#breadcrumb","itemListElement":[{"@type":"ListItem","position":1,"name":"Home","item":"https:\/\/sibelkucukaslan.com\/"},{"@type":"ListItem","position":2,"name":"Psikolojik dan\u0131\u015fmanl\u0131k"}]},{"@type":"WebSite","@id":"https:\/\/sibelkucukaslan.com\/#website","url":"https:\/\/sibelkucukaslan.com\/","name":"S\u0130bel K\u00fc\u00e7\u00fckaslan","description":"G\u00fczel g\u00fcnler sana gelmez, sen onlara y\u00fcr\u00fcyeceksin!","publisher":{"@id":"https:\/\/sibelkucukaslan.com\/#organization"},"potentialAction":[{"@type":"SearchAction","target":{"@type":"EntryPoint","urlTemplate":"https:\/\/sibelkucukaslan.com\/?s={search_term_string}"},"query-input":"required name=search_term_string"}],"inLanguage":"nl-NL"},{"@type":"Organization","@id":"https:\/\/sibelkucukaslan.com\/#organization","name":"S\u0130bel K\u00fc\u00e7\u00fckaslan","url":"https:\/\/sibelkucukaslan.com\/","logo":{"@type":"ImageObject","inLanguage":"nl-NL","@id":"https:\/\/sibelkucukaslan.com\/#\/schema\/logo\/image\/","url":"https:\/\/sibelkucukaslan.com\/wp-content\/uploads\/2024\/07\/cropped-Scherm\u00adafbeelding-2024-07-03-om-13.12.26-1.png","contentUrl":"https:\/\/sibelkucukaslan.com\/wp-content\/uploads\/2024\/07\/cropped-Scherm\u00adafbeelding-2024-07-03-om-13.12.26-1.png","width":253,"height":250,"caption":"S\u0130bel K\u00fc\u00e7\u00fckaslan"},"image":{"@id":"https:\/\/sibelkucukaslan.com\/#\/schema\/logo\/image\/"}}]}},"_links":{"self":[{"href":"https:\/\/sibelkucukaslan.com\/index.php\/wp-json\/wp\/v2\/pages\/11","targetHints":{"allow":["GET"]}}],"collection":[{"href":"https:\/\/sibelkucukaslan.com\/index.php\/wp-json\/wp\/v2\/pages"}],"about":[{"href":"https:\/\/sibelkucukaslan.com\/index.php\/wp-json\/wp\/v2\/types\/page"}],"author":[{"embeddable":true,"href":"https:\/\/sibelkucukaslan.com\/index.php\/wp-json\/wp\/v2\/users\/1"}],"replies":[{"embeddable":true,"href":"https:\/\/sibelkucukaslan.com\/index.php\/wp-json\/wp\/v2\/comments?post=11"}],"version-history":[{"count":2,"href":"https:\/\/sibelkucukaslan.com\/index.php\/wp-json\/wp\/v2\/pages\/11\/revisions"}],"predecessor-version":[{"id":77,"href":"https:\/\/sibelkucukaslan.com\/index.php\/wp-json\/wp\/v2\/pages\/11\/revisions\/77"}],"wp:attachment":[{"href":"https:\/\/sibelkucukaslan.com\/index.php\/wp-json\/wp\/v2\/media?parent=11"}],"curies":[{"name":"wp","href":"https:\/\/api.w.org\/{rel}","templated":true}]}}